{"id":3712,"date":"2025-09-30T13:39:12","date_gmt":"2025-09-30T13:39:12","guid":{"rendered":"https:\/\/bytango.no\/meeting-room\/"},"modified":"2026-04-08T16:24:42","modified_gmt":"2026-04-08T16:24:42","slug":"meeting-room","status":"publish","type":"page","link":"https:\/\/bytango.no\/en\/meeting-room\/","title":{"rendered":"Meeting room"},"content":{"rendered":"\t\t<div data-elementor-type=\"wp-page\" data-elementor-id=\"3712\" class=\"elementor elementor-3712 elementor-3243\" data-elementor-post-type=\"page\">\n\t\t\t\t<div class=\"elementor-element elementor-element-108f20f e-con-full e-flex e-con e-parent\" data-id=\"108f20f\" data-element_type=\"container\" data-e-type=\"container\" data-settings=\"{&quot;background_background&quot;:&quot;classic&quot;,&quot;background_motion_fx_motion_fx_scrolling&quot;:&quot;yes&quot;,&quot;background_motion_fx_translateY_effect&quot;:&quot;yes&quot;,&quot;background_motion_fx_translateY_speed&quot;:{&quot;unit&quot;:&quot;px&quot;,&quot;size&quot;:4,&quot;sizes&quot;:[]},&quot;background_motion_fx_translateY_affectedRange&quot;:{&quot;unit&quot;:&quot;%&quot;,&quot;size&quot;:&quot;&quot;,&quot;sizes&quot;:{&quot;start&quot;:0,&quot;end&quot;:100}},&quot;background_motion_fx_devices&quot;:[&quot;desktop&quot;,&quot;tablet&quot;,&quot;mobile&quot;]}\">\n\t\t\t\t<\/div>\n\t\t<div class=\"elementor-element elementor-element-a606c0d e-flex e-con-boxed e-con e-parent\" data-id=\"a606c0d\" data-element_type=\"container\" data-e-type=\"container\" data-settings=\"{&quot;background_background&quot;:&quot;classic&quot;}\">\n\t\t\t\t\t<div class=\"e-con-inner\">\n\t\t\t\t<div class=\"elementor-element elementor-element-0aebe1e elementor-widget elementor-widget-heading\" data-id=\"0aebe1e\" data-element_type=\"widget\" data-e-type=\"widget\" data-widget_type=\"heading.default\">\n\t\t\t\t<div class=\"elementor-widget-container\">\n\t\t\t\t\t<h1 class=\"elementor-heading-title elementor-size-default\">Rent our meeting room \"Chambre S\u00e9par\u00e9e\"<\/h1>\t\t\t\t<\/div>\n\t\t\t\t<\/div>\n\t\t<div class=\"elementor-element elementor-element-c95f5cc e-flex e-con-boxed e-con e-child\" data-id=\"c95f5cc\" data-element_type=\"container\" data-e-type=\"container\">\n\t\t\t\t\t<div class=\"e-con-inner\">\n\t\t<div class=\"elementor-element elementor-element-4b90182 e-con-full e-flex e-con e-child\" data-id=\"4b90182\" data-element_type=\"container\" data-e-type=\"container\">\n\t\t\t\t<div class=\"elementor-element elementor-element-12ec05a elementor-widget__width-initial elementor-widget elementor-widget-text-editor\" data-id=\"12ec05a\" data-element_type=\"widget\" data-e-type=\"widget\" data-widget_type=\"text-editor.default\">\n\t\t\t\t<div class=\"elementor-widget-container\">\n\t\t\t\t\t\t\t\t\t<h4 data-start=\"180\" data-end=\"536\"><strong>Chambre S\u00e9par\u00e9e &#8211; your private meeting room at Polka Grill &amp; Spiseri<\/strong><\/h4><p data-start=\"180\" data-end=\"536\">Do you need a place to gather &#8211; sheltered, but still with a great atmosphere and good food nearby?<\/p><p data-start=\"180\" data-end=\"536\">Chambre S\u00e9par\u00e9e at Polka Grill &amp; Spiseri is a separate, enclosed room perfect for meetings, workshops, board meetings or social gatherings of up to 20 people. The room is fully equipped for meetings, and you choose whether you want a <em data-start=\"509\" data-end=\"535\">day or evening stay<\/em>. <\/p><p data-start=\"538\" data-end=\"784\"><strong>During the day from 09:00-15:00,<\/strong> you&#8217;ll have access to Polka&#8217;s tempting buffet &#8211; perfect for an energy boost between shots.<\/p><p data-start=\"538\" data-end=\"784\"><strong data-start=\"642\" data-end=\"658\">In the evenings 16:00-22:00<\/strong> you have access to the POLKA menu, or you can upgrade your experience with an exclusive 3-course menu from the Fish &amp; Cow kitchen.<\/p>\t\t\t\t\t\t\t\t<\/div>\n\t\t\t\t<\/div>\n\t\t\t\t<\/div>\n\t\t<div class=\"elementor-element elementor-element-37ead82 e-con-full e-flex e-con e-child\" data-id=\"37ead82\" data-element_type=\"container\" data-e-type=\"container\">\n\t\t\t\t<div class=\"elementor-element elementor-element-959b60c elementor-widget elementor-widget-text-editor\" data-id=\"959b60c\" data-element_type=\"widget\" data-e-type=\"widget\" data-widget_type=\"text-editor.default\">\n\t\t\t\t<div class=\"elementor-widget-container\">\n\t\t\t\t\t\t\t\t\t<h4 data-start=\"786\" data-end=\"964\"><strong>Do you want a personal twist?<\/strong><\/h4>\n<p data-start=\"786\" data-end=\"964\">We are happy to customize both setup and menu according to your needs.<br data-start=\"869\" data-end=\"872\">Contact us for booking or a non-binding chat &#8211; and we will tailor the experience for you.<\/p><p data-start=\"786\" data-end=\"964\">Contact us for pricing, booking, etc &#8211; or send a request via the form below.<\/p>\n<p class=\"sqsrte-large\"><strong>E-mail:<br><\/strong><span style=\"text-decoration: underline;\"><a href=\"mailto:dl@bytango.no\">dl@bytango.no<\/a><\/span>&nbsp;<\/p>\t\t\t\t\t\t\t\t<\/div>\n\t\t\t\t<\/div>\n\t\t\t\t<div class=\"elementor-element elementor-element-4c29374 elementor-widget elementor-widget-button\" data-id=\"4c29374\" data-element_type=\"widget\" data-e-type=\"widget\" data-widget_type=\"button.default\">\n\t\t\t\t<div class=\"elementor-widget-container\">\n\t\t\t\t\t\t\t\t\t<div class=\"elementor-button-wrapper\">\n\t\t\t\t\t<a class=\"elementor-button elementor-button-link elementor-size-sm\" href=\"#bestill\">\n\t\t\t\t\t\t<span class=\"elementor-button-content-wrapper\">\n\t\t\t\t\t\t\t\t\t<span class=\"elementor-button-text\">Send request<\/span>\n\t\t\t\t\t<\/span>\n\t\t\t\t\t<\/a>\n\t\t\t\t<\/div>\n\t\t\t\t\t\t\t\t<\/div>\n\t\t\t\t<\/div>\n\t\t\t\t<\/div>\n\t\t\t\t\t<\/div>\n\t\t\t\t<\/div>\n\t\t<div class=\"elementor-element elementor-element-1ef2a8c e-flex e-con-boxed e-con e-child\" data-id=\"1ef2a8c\" data-element_type=\"container\" data-e-type=\"container\">\n\t\t\t\t\t<div class=\"e-con-inner\">\n\t\t\t\t<div class=\"elementor-element elementor-element-7915e91 elementor-widget elementor-widget-gallery\" data-id=\"7915e91\" data-element_type=\"widget\" data-e-type=\"widget\" data-settings=\"{&quot;columns_mobile&quot;:2,&quot;lazyload&quot;:&quot;yes&quot;,&quot;gallery_layout&quot;:&quot;grid&quot;,&quot;columns&quot;:4,&quot;columns_tablet&quot;:2,&quot;gap&quot;:{&quot;unit&quot;:&quot;px&quot;,&quot;size&quot;:10,&quot;sizes&quot;:[]},&quot;gap_tablet&quot;:{&quot;unit&quot;:&quot;px&quot;,&quot;size&quot;:10,&quot;sizes&quot;:[]},&quot;gap_mobile&quot;:{&quot;unit&quot;:&quot;px&quot;,&quot;size&quot;:10,&quot;sizes&quot;:[]},&quot;link_to&quot;:&quot;file&quot;,&quot;aspect_ratio&quot;:&quot;3:2&quot;,&quot;overlay_background&quot;:&quot;yes&quot;,&quot;content_hover_animation&quot;:&quot;fade-in&quot;}\" data-widget_type=\"gallery.default\">\n\t\t\t\t<div class=\"elementor-widget-container\">\n\t\t\t\t\t\t\t<div class=\"elementor-gallery__container\">\n\t\t\t\t\t\t\t<a class=\"e-gallery-item elementor-gallery-item elementor-animated-content\" href=\"https:\/\/bytango.no\/wp-content\/uploads\/2024\/02\/JGS_5826.jpg\" data-elementor-open-lightbox=\"yes\" data-elementor-lightbox-slideshow=\"7915e91\" data-elementor-lightbox-title=\"JGS_5826\" data-e-action-hash=\"#elementor-action%3Aaction%3Dlightbox%26settings%3DeyJpZCI6MzYxNiwidXJsIjoiaHR0cHM6XC9cL2J5dGFuZ28ubm9cL3dwLWNvbnRlbnRcL3VwbG9hZHNcLzIwMjRcLzAyXC9KR1NfNTgyNi5qcGciLCJzbGlkZXNob3ciOiI3OTE1ZTkxIn0%3D\">\n\t\t\t\t\t<div class=\"e-gallery-image elementor-gallery-item__image\" data-thumbnail=\"https:\/\/bytango.no\/wp-content\/uploads\/2024\/02\/JGS_5826-1024x683.jpg\" data-width=\"800\" data-height=\"534\" aria-label=\"\" role=\"img\" ><\/div>\n\t\t\t\t\t\t\t\t\t\t\t<div class=\"elementor-gallery-item__overlay\"><\/div>\n\t\t\t\t\t\t\t\t\t\t\t\t\t\t<\/a>\n\t\t\t\t\t\t\t<a class=\"e-gallery-item elementor-gallery-item elementor-animated-content\" href=\"https:\/\/bytango.no\/wp-content\/uploads\/2025\/10\/IMG_4790.jpeg\" data-elementor-open-lightbox=\"yes\" data-elementor-lightbox-slideshow=\"7915e91\" data-elementor-lightbox-title=\"IMG_4790\" data-e-action-hash=\"#elementor-action%3Aaction%3Dlightbox%26settings%3DeyJpZCI6MzcxNSwidXJsIjoiaHR0cHM6XC9cL2J5dGFuZ28ubm9cL3dwLWNvbnRlbnRcL3VwbG9hZHNcLzIwMjVcLzEwXC9JTUdfNDc5MC5qcGVnIiwic2xpZGVzaG93IjoiNzkxNWU5MSJ9\">\n\t\t\t\t\t<div class=\"e-gallery-image elementor-gallery-item__image\" data-thumbnail=\"https:\/\/bytango.no\/wp-content\/uploads\/2025\/10\/IMG_4790-768x1024.jpeg\" data-width=\"768\" data-height=\"1024\" aria-label=\"\" role=\"img\" ><\/div>\n\t\t\t\t\t\t\t\t\t\t\t<div class=\"elementor-gallery-item__overlay\"><\/div>\n\t\t\t\t\t\t\t\t\t\t\t\t\t\t<\/a>\n\t\t\t\t\t\t\t<a class=\"e-gallery-item elementor-gallery-item elementor-animated-content\" href=\"https:\/\/bytango.no\/wp-content\/uploads\/2025\/10\/IMG_4803.jpeg\" data-elementor-open-lightbox=\"yes\" data-elementor-lightbox-slideshow=\"7915e91\" data-elementor-lightbox-title=\"IMG_4803\" data-e-action-hash=\"#elementor-action%3Aaction%3Dlightbox%26settings%3DeyJpZCI6MzcxNiwidXJsIjoiaHR0cHM6XC9cL2J5dGFuZ28ubm9cL3dwLWNvbnRlbnRcL3VwbG9hZHNcLzIwMjVcLzEwXC9JTUdfNDgwMy5qcGVnIiwic2xpZGVzaG93IjoiNzkxNWU5MSJ9\">\n\t\t\t\t\t<div class=\"e-gallery-image elementor-gallery-item__image\" data-thumbnail=\"https:\/\/bytango.no\/wp-content\/uploads\/2025\/10\/IMG_4803-768x1024.jpeg\" data-width=\"768\" data-height=\"1024\" aria-label=\"\" role=\"img\" ><\/div>\n\t\t\t\t\t\t\t\t\t\t\t<div class=\"elementor-gallery-item__overlay\"><\/div>\n\t\t\t\t\t\t\t\t\t\t\t\t\t\t<\/a>\n\t\t\t\t\t\t\t<a class=\"e-gallery-item elementor-gallery-item elementor-animated-content\" href=\"https:\/\/bytango.no\/wp-content\/uploads\/2024\/02\/JGS_5754.jpg\" data-elementor-open-lightbox=\"yes\" data-elementor-lightbox-slideshow=\"7915e91\" data-elementor-lightbox-title=\"JGS_5754\" data-e-action-hash=\"#elementor-action%3Aaction%3Dlightbox%26settings%3DeyJpZCI6MzYxMSwidXJsIjoiaHR0cHM6XC9cL2J5dGFuZ28ubm9cL3dwLWNvbnRlbnRcL3VwbG9hZHNcLzIwMjRcLzAyXC9KR1NfNTc1NC5qcGciLCJzbGlkZXNob3ciOiI3OTE1ZTkxIn0%3D\">\n\t\t\t\t\t<div class=\"e-gallery-image elementor-gallery-item__image\" data-thumbnail=\"https:\/\/bytango.no\/wp-content\/uploads\/2024\/02\/JGS_5754-1024x683.jpg\" data-width=\"800\" data-height=\"534\" aria-label=\"\" role=\"img\" ><\/div>\n\t\t\t\t\t\t\t\t\t\t\t<div class=\"elementor-gallery-item__overlay\"><\/div>\n\t\t\t\t\t\t\t\t\t\t\t\t\t\t<\/a>\n\t\t\t\t\t<\/div>\n\t\t\t\t\t<\/div>\n\t\t\t\t<\/div>\n\t\t\t\t\t<\/div>\n\t\t\t\t<\/div>\n\t\t\t\t\t<\/div>\n\t\t\t\t<\/div>\n\t\t<div class=\"elementor-element elementor-element-bd2dcc9 e-flex e-con-boxed e-con e-parent\" data-id=\"bd2dcc9\" data-element_type=\"container\" data-e-type=\"container\" id=\"bestill\" data-settings=\"{&quot;background_background&quot;:&quot;classic&quot;}\">\n\t\t\t\t\t<div class=\"e-con-inner\">\n\t\t\t\t<div class=\"elementor-element elementor-element-67cf742 elementor-widget elementor-widget-heading\" data-id=\"67cf742\" data-element_type=\"widget\" data-e-type=\"widget\" data-widget_type=\"heading.default\">\n\t\t\t\t<div class=\"elementor-widget-container\">\n\t\t\t\t\t<h1 class=\"elementor-heading-title elementor-size-default\">Submit your request<\/h1>\t\t\t\t<\/div>\n\t\t\t\t<\/div>\n\t\t<div class=\"elementor-element elementor-element-d6f154a e-con-full e-flex e-con e-child\" data-id=\"d6f154a\" data-element_type=\"container\" data-e-type=\"container\" data-settings=\"{&quot;background_background&quot;:&quot;classic&quot;}\">\n\t\t\t\t<div class=\"elementor-element elementor-element-d324bb3 elementor-widget elementor-widget-text-editor\" data-id=\"d324bb3\" data-element_type=\"widget\" data-e-type=\"widget\" data-widget_type=\"text-editor.default\">\n\t\t\t\t<div class=\"elementor-widget-container\">\n\t\t\t\t\t\t\t\t\t<div id=\"quform-6768ff\" class=\"quform quform-2 quform-theme-hollow quform-support-page-caching\"><form id=\"quform-form-6768ff\" class=\"quform-form quform-form-2\" action=\"\/en\/wp-json\/wp\/v2\/pages\/3712#quform-6768ff\" method=\"post\" enctype=\"multipart\/form-data\" novalidate=\"novalidate\" data-options=\"{&quot;id&quot;:2,&quot;uniqueId&quot;:&quot;6768ff&quot;,&quot;theme&quot;:&quot;hollow&quot;,&quot;ajax&quot;:true,&quot;logic&quot;:{&quot;logic&quot;:{&quot;12&quot;:{&quot;action&quot;:true,&quot;match&quot;:&quot;all&quot;,&quot;rules&quot;:[{&quot;elementId&quot;:&quot;5&quot;,&quot;operator&quot;:&quot;eq&quot;,&quot;optionId&quot;:&quot;2&quot;,&quot;value&quot;:&quot;Kveldstid (mellom 16-22)&quot;}]}},&quot;dependents&quot;:{&quot;5&quot;:[12]},&quot;elementIds&quot;:[12],&quot;dependentElementIds&quot;:[&quot;5&quot;],&quot;animate&quot;:true},&quot;currentPageId&quot;:1,&quot;errorsIcon&quot;:&quot;&quot;,&quot;updateFancybox&quot;:true,&quot;hasPages&quot;:false,&quot;pages&quot;:[1],&quot;pageProgressType&quot;:&quot;numbers&quot;,&quot;tooltipsEnabled&quot;:true,&quot;tooltipClasses&quot;:&quot;qtip-quform-dark qtip-shadow&quot;,&quot;tooltipMy&quot;:&quot;left center&quot;,&quot;tooltipAt&quot;:&quot;right center&quot;,&quot;isRtl&quot;:false,&quot;scrollOffset&quot;:-50,&quot;scrollSpeed&quot;:800}\"><button class=\"quform-default-submit\" name=\"quform_submit\" type=\"submit\" value=\"submit\" aria-hidden=\"true\" tabindex=\"-1\"><\/button><div class=\"quform-form-inner quform-form-inner-2\"><input type=\"hidden\" name=\"quform_form_id\" value=\"2\" \/><input type=\"hidden\" name=\"quform_form_uid\" value=\"6768ff\" \/><input type=\"hidden\" name=\"quform_count\" value=\"1\" \/><input type=\"hidden\" name=\"form_url\" value=\"https:\/\/bytango.no\/en\/wp-json\/wp\/v2\/pages\/3712\" \/><input type=\"hidden\" name=\"referring_url\" value=\"\" \/><input type=\"hidden\" name=\"post_id\" value=\"\" \/><input type=\"hidden\" name=\"post_title\" value=\"\" \/><input type=\"hidden\" name=\"quform_current_page_id\" value=\"1\" \/><input type=\"hidden\" name=\"quform_loaded\" value=\"1775813986|e38bb5b68274aab6e9a136a276187f30\" \/><input type=\"hidden\" name=\"quform_csrf_token\" value=\"UibMJSQIz1UsRTnRd8R703jaacXQ32mPnMA9dP9w\" \/><div class=\"quform-elements quform-elements-2 quform-cf quform-responsive-elements-phone-landscape\"><div class=\"quform-element quform-element-page quform-page-1 quform-page-2_1 quform-cf quform-group-style-plain quform-first-page quform-last-page quform-current-page\"><div class=\"quform-child-elements\"><div class=\"quform-element quform-element-select quform-element-2_5 quform-cf quform-element-required\"><div class=\"quform-spacer\"><div class=\"quform-label quform-label-2_5\"><label class=\"quform-label-text\" for=\"quform_2_5_6768ff\">Do you want daytime or evening meeting rooms?<span class=\"quform-required\">*<\/span><\/label><\/div><div class=\"quform-inner quform-inner-select quform-inner-2_5 quform-field-size-medium\"><div class=\"quform-input quform-input-select quform-input-2_5 quform-cf\"><select id=\"quform_2_5_6768ff\" name=\"quform_2_5\" class=\"quform-field quform-field-select quform-field-2_5\"><option value=\"\" selected=\"selected\">Please select<\/option><option value=\"Dagtid (mellom 09-15)\">Daytime (between 09-15)<\/option><option value=\"Kveldstid (mellom 16-22)\">Evening hours (between 16-22)<\/option><\/select><\/div><\/div><\/div><\/div><div class=\"quform-element quform-element-textarea quform-element-2_851706 quform-sr-only quform-cf\" style=\"clip: rect(1px, 1px, 1px, 1px); clip-path: inset(50%); position: absolute !important; height: 1px; width: 1px; overflow: hidden;\"><div class=\"quform-spacer\"><div class=\"quform-label quform-label-2_851706\"><label class=\"quform-label-text\" for=\"quform_2_851706_6768ff\">Email<span class=\"quform-required\">*<\/span><\/label><\/div><div class=\"quform-inner quform-inner-2_851706\"><textarea id=\"quform_2_851706_6768ff\" name=\"quform_2_851706\" class=\"quform-field quform-field-textarea quform-field-2_851706\" tabindex=\"-1\" autocomplete=\"new-password\"><\/textarea><\/div><\/div><\/div><div class=\"quform-element quform-element-text quform-element-2_10 quform-cf quform-element-required\"><div class=\"quform-spacer\"><div class=\"quform-label quform-label-2_10\"><label class=\"quform-label-text\" for=\"quform_2_10_6768ff\">How many participants will you be?<span class=\"quform-required\">*<\/span><\/label><\/div><div class=\"quform-inner quform-inner-text quform-inner-2_10 quform-field-size-medium\"><div class=\"quform-input quform-input-text quform-input-2_10 quform-cf\"><input type=\"text\" id=\"quform_2_10_6768ff\" name=\"quform_2_10\" class=\"quform-field quform-field-text quform-field-2_10\" \/><\/div><p class=\"quform-description quform-description-below\">You can change the number later.<\/p><\/div><\/div><\/div><div class=\"quform-element quform-element-text quform-element-2_3 quform-cf quform-element-required\"><div class=\"quform-spacer\"><div class=\"quform-label quform-label-2_3\"><label class=\"quform-label-text\" for=\"quform_2_3_6768ff\">Name of contact person<span class=\"quform-required\">*<\/span><\/label><\/div><div class=\"quform-inner quform-inner-text quform-inner-2_3 quform-field-size-medium\"><div class=\"quform-input quform-input-text quform-input-2_3 quform-cf\"><input type=\"text\" id=\"quform_2_3_6768ff\" name=\"quform_2_3\" class=\"quform-field quform-field-text quform-field-2_3\" \/><\/div><\/div><\/div><\/div><div class=\"quform-element quform-element-text quform-element-2_11 quform-cf quform-element-optional\"><div class=\"quform-spacer\"><div class=\"quform-label quform-label-2_11\"><label class=\"quform-label-text\" for=\"quform_2_11_6768ff\">Company name<\/label><\/div><div class=\"quform-inner quform-inner-text quform-inner-2_11 quform-field-size-medium\"><div class=\"quform-input quform-input-text quform-input-2_11 quform-cf\"><input type=\"text\" id=\"quform_2_11_6768ff\" name=\"quform_2_11\" class=\"quform-field quform-field-text quform-field-2_11\" \/><\/div><\/div><\/div><\/div><div class=\"quform-element quform-element-email quform-element-2_4 quform-cf quform-element-required\"><div class=\"quform-spacer\"><div class=\"quform-label quform-label-2_4\"><label class=\"quform-label-text\" for=\"quform_2_4_6768ff\">E-mail address<span class=\"quform-required\">*<\/span><\/label><\/div><div class=\"quform-inner quform-inner-email quform-inner-2_4 quform-field-size-medium\"><div class=\"quform-input quform-input-email quform-input-2_4 quform-cf\"><input type=\"email\" id=\"quform_2_4_6768ff\" name=\"quform_2_4\" class=\"quform-field quform-field-email quform-field-2_4\" \/><\/div><\/div><\/div><\/div><div class=\"quform-element quform-element-text quform-element-2_8 quform-cf quform-element-required\"><div class=\"quform-spacer\"><div class=\"quform-label quform-label-2_8\"><label class=\"quform-label-text\" for=\"quform_2_8_6768ff\">Phone number<span class=\"quform-required\">*<\/span><\/label><\/div><div class=\"quform-inner quform-inner-text quform-inner-2_8 quform-field-size-medium\"><div class=\"quform-input quform-input-text quform-input-2_8 quform-cf\"><input type=\"text\" id=\"quform_2_8_6768ff\" name=\"quform_2_8\" class=\"quform-field quform-field-text quform-field-2_8\" \/><\/div><\/div><\/div><\/div><div class=\"quform-element quform-element-select quform-element-2_12 quform-cf quform-element-optional\"><div class=\"quform-spacer\"><div class=\"quform-label quform-label-2_12\"><label class=\"quform-label-text\" for=\"quform_2_12_6768ff\">Which menu option do you want?<\/label><\/div><div class=\"quform-inner quform-inner-select quform-inner-2_12 quform-field-size-medium\"><div class=\"quform-input quform-input-select quform-input-2_12 quform-cf\"><select id=\"quform_2_12_6768ff\" name=\"quform_2_12\" class=\"quform-field quform-field-select quform-field-2_12\"><option value=\"\" selected=\"selected\">Please select<\/option><option value=\"3 retters fra Fish &amp; Cow\">3 courses from Fish &amp;amp; Cow<\/option><option value=\"POLKA Grill &amp; Spiseri (krever grill-bord i restauranten i tillegg)\">POLKA Grill &amp;amp; Spiseri (requires a grill table in the restaurant in addition)<\/option><option value=\"Jeg er usikker\/\u00f8nsker noe annet\">I am unsure\/want something else<\/option><\/select><\/div><\/div><\/div><\/div><div class=\"quform-element quform-element-textarea quform-element-2_7 quform-cf quform-element-optional\"><div class=\"quform-spacer\"><div class=\"quform-label quform-label-2_7\"><label class=\"quform-label-text\" for=\"quform_2_7_6768ff\">Question\/message\/comment?<\/label><\/div><div class=\"quform-inner quform-inner-textarea quform-inner-2_7 quform-field-size-medium\"><div class=\"quform-input quform-input-textarea quform-input-2_7 quform-cf\"><textarea id=\"quform_2_7_6768ff\" name=\"quform_2_7\" class=\"quform-field quform-field-textarea quform-field-2_7\"><\/textarea><\/div><\/div><\/div><\/div><div class=\"quform-element quform-element-checkbox quform-element-2_9 quform-cf quform-element-required\"><div class=\"quform-spacer\"><div class=\"quform-inner quform-inner-checkbox quform-inner-2_9 quform-field-size-medium\"><div class=\"quform-input quform-input-checkbox quform-input-2_9 quform-cf\"><div class=\"quform-options quform-cf quform-options-block quform-options-simple\"><div class=\"quform-option\"><input type=\"checkbox\" name=\"quform_2_9[]\" id=\"quform_2_9_6768ff_1\" class=\"quform-field quform-field-checkbox quform-field-2_9 quform-field-2_9_1\" value=\"Jeg samtykker til at byTango behandler mine personopplysninger i henhold til personvernserkl\u00e6ringen. Opplysningene vil kun brukes til behandling av henvendelsen og oppbevares i henhold til gjeldende regler for personvern.\" \/><label for=\"quform_2_9_6768ff_1\" class=\"quform-option-label quform-option-label-2_9_1\"><span class=\"quform-option-text\">I consent to byTango processing my personal data in accordance with the privacy policy. The information will only be used to process the inquiry and will be stored in accordance with applicable privacy rules. <\/span><\/label><\/div><\/div><\/div><\/div><\/div><\/div><div class=\"quform-element quform-element-submit quform-element-2_2 quform-cf quform-button-style-theme quform-button-size-fat quform-button-width-full\"><div class=\"quform-button-submit quform-button-submit-default quform-button-submit-2_2\"><button name=\"quform_submit\" type=\"submit\" class=\"quform-submit\" value=\"submit\"><span class=\"quform-button-text quform-button-submit-text\">Send request<\/span><\/button><\/div><div class=\"quform-loading quform-loading-position-left quform-loading-type-spinner-1\"><div class=\"quform-loading-inner\"><div class=\"quform-loading-spinner\"><div class=\"quform-loading-spinner-inner\"><\/div><\/div><\/div><\/div><\/div><\/div><\/div><\/div><\/div><\/form><\/div>\t\t\t\t\t\t\t\t<\/div>\n\t\t\t\t<\/div>\n\t\t\t\t<\/div>\n\t\t\t\t\t<\/div>\n\t\t\t\t<\/div>\n\t\t\t\t<\/div>\n\t\t","protected":false},"excerpt":{"rendered":"<p>Rent our meeting room &#8220;Chambre S\u00e9par\u00e9e&#8221; Chambre S\u00e9par\u00e9e &#8211; your private meeting room at Polka Grill &amp; Spiseri Do you need a place to gather &#8211; sheltered, but still with a great atmosphere and good food nearby? Chambre S\u00e9par\u00e9e at Polka Grill &amp; Spiseri is a separate, enclosed room perfect for meetings, workshops, board meetings [&hellip;]<\/p>\n","protected":false},"author":1,"featured_media":0,"parent":0,"menu_order":0,"comment_status":"closed","ping_status":"closed","template":"","meta":{"_acf_changed":false,"footnotes":""},"class_list":["post-3712","page","type-page","status-publish","hentry"],"acf":[],"_links":{"self":[{"href":"https:\/\/bytango.no\/en\/wp-json\/wp\/v2\/pages\/3712","targetHints":{"allow":["GET"]}}],"collection":[{"href":"https:\/\/bytango.no\/en\/wp-json\/wp\/v2\/pages"}],"about":[{"href":"https:\/\/bytango.no\/en\/wp-json\/wp\/v2\/types\/page"}],"author":[{"embeddable":true,"href":"https:\/\/bytango.no\/en\/wp-json\/wp\/v2\/users\/1"}],"replies":[{"embeddable":true,"href":"https:\/\/bytango.no\/en\/wp-json\/wp\/v2\/comments?post=3712"}],"version-history":[{"count":2,"href":"https:\/\/bytango.no\/en\/wp-json\/wp\/v2\/pages\/3712\/revisions"}],"predecessor-version":[{"id":3719,"href":"https:\/\/bytango.no\/en\/wp-json\/wp\/v2\/pages\/3712\/revisions\/3719"}],"wp:attachment":[{"href":"https:\/\/bytango.no\/en\/wp-json\/wp\/v2\/media?parent=3712"}],"curies":[{"name":"wp","href":"https:\/\/api.w.org\/{rel}","templated":true}]}}